{"id":1726,"date":"2021-05-17T17:07:09","date_gmt":"2021-05-17T15:07:09","guid":{"rendered":"https:\/\/asemcoperchelmalaga.com\/?page_id=1726"},"modified":"2022-08-26T19:51:16","modified_gmt":"2022-08-26T17:51:16","slug":"descuentos-para-clientes","status":"publish","type":"page","link":"https:\/\/asemcoperchelmalaga.com\/index.php\/descuentos-para-clientes\/","title":{"rendered":"Descuentos para clientes"},"content":{"rendered":"<p>[et_pb_section fb_built=\u00bb1&#8243; _builder_version=\u00bb4.4.9&#8243; background_image=\u00bbhttps:\/\/asemcoperchelmalaga.com\/wp-content\/uploads\/2018\/11\/patron_cuadrados_desintegrandose.jpg\u00bb parallax=\u00bbon\u00bb custom_margin=\u00bb||||false|false\u00bb custom_padding=\u00bb6em||6em||false|false\u00bb global_colors_info=\u00bb{}\u00bb][et_pb_row _builder_version=\u00bb4.4.9&#8243; background_color=\u00bbrgba(0,0,0,0.4)\u00bb max_width=\u00bb53em\u00bb max_width_tablet=\u00bb\u00bb max_width_phone=\u00bb100%\u00bb max_width_last_edited=\u00bbon|phone\u00bb global_colors_info=\u00bb{}\u00bb][et_pb_column type=\u00bb4_4&#8243; _builder_version=\u00bb4.4.9&#8243; global_colors_info=\u00bb{}\u00bb][et_pb_text _builder_version=\u00bb4.9.2&#8243; text_font=\u00bbMontserrat|700||on|||||\u00bb text_text_color=\u00bb#ffffff\u00bb text_font_size=\u00bb2.1em\u00bb header_text_color=\u00bb#ffffff\u00bb header_font_size=\u00bb24px\u00bb header_2_font_size=\u00bb23px\u00bb text_orientation=\u00bbcenter\u00bb text_font_size_tablet=\u00bb\u00bb text_font_size_phone=\u00bb1.8em\u00bb text_font_size_last_edited=\u00bbon|phone\u00bb global_colors_info=\u00bb{}\u00bb]<\/p>\n<p>Descuentos para clientes<\/p>\n<p>[\/et_pb_text][\/et_pb_column][\/et_pb_row][\/et_pb_section][et_pb_section fb_built=\u00bb1&#8243; _builder_version=\u00bb4.9.2&#8243; _module_preset=\u00bbdefault\u00bb global_colors_info=\u00bb{}\u00bb][et_pb_row _builder_version=\u00bb4.9.2&#8243; _module_preset=\u00bbdefault\u00bb global_colors_info=\u00bb{}\u00bb][et_pb_column type=\u00bb4_4&#8243; _builder_version=\u00bb4.9.2&#8243; _module_preset=\u00bbdefault\u00bb global_colors_info=\u00bb{}\u00bb][et_pb_text _builder_version=\u00bb4.10.7&#8243; _module_preset=\u00bbdefault\u00bb text_font=\u00bbMontserrat|||||on|||\u00bb text_font_size=\u00bb1em\u00bb header_4_font=\u00bbMontserrat|800|on|||on|||\u00bb header_4_font_size=\u00bb1.2em\u00bb custom_margin_tablet=\u00bb0.2em|0.2em|0.2em|0.2em|false|false\u00bb custom_margin_phone=\u00bb\u00bb custom_margin_last_edited=\u00bbon|phone\u00bb hover_enabled=\u00bb0&#8243; custom_css_main_element=\u00bboverflow-x: auto;\u00bb global_colors_info=\u00bb{}\u00bb sticky_enabled=\u00bb0&#8243;]<\/p>\n<table style=\"border: 0.2em solid #5c96aa; border-collapse: collapse; width: 98.8979%; height: 240px;\">\n<tbody>\n<tr style=\"height: 24px; border: 0.2em solid #5c96aa;\">\n<td style=\"width: 22.5575%; height: 24px; text-align: center;\">\n<h4><strong>Negocio<\/strong><\/h4>\n<\/td>\n<td style=\"width: 25.431%; height: 24px; text-align: center;\">\n<h4><strong>Categor\u00eda<\/strong><\/h4>\n<\/td>\n<td style=\"width: 25.431%; text-align: center; height: 24px;\">\n<h4><strong>Localizaci\u00f3n<\/strong><\/h4>\n<\/td>\n<td style=\"width: 26.1494%; height: 24px; text-align: center;\">\n<h4><strong>Descuento<\/strong><\/h4>\n<\/td>\n<\/tr>\n<tr style=\"height: 24px; border: 0.2em solid #5c96aa;\">\n<td style=\"width: 22.5575%; height: 24px; text-align: center;\"><span style=\"text-decoration: underline;\"><span style=\"color: #000000;\"><a href=\"https:\/\/asemcoperchelmalaga.com\/index.php\/directorio-de-empresas\/intrexia\/\" target=\"_blank\" rel=\"noopener\" style=\"color: #000000; text-decoration: underline;\">Intrexia<\/a><\/span><\/span><\/td>\n<td style=\"width: 25.431%; height: 24px; text-align: center;\">Asesor\u00eda y gestor\u00eda<\/td>\n<td style=\"width: 25.431%; text-align: center; height: 24px;\"><a href=\"https:\/\/goo.gl\/maps\/8KruKhVWk87pC48F9\" target=\"_blank\" rel=\"noopener\"><img decoding=\"async\" src=\"https:\/\/asemcoperchelmalaga.com\/wp-content\/uploads\/2021\/05\/Icono-de-mapa.png\" width=\"30&lt;\/img\" no-resize-detection=\"\" \/><\/a><\/td>\n<td style=\"width: 26.1494%; height: 24px; text-align: center;\">15% de descuento en todos los servicios<\/td>\n<\/tr>\n<tr style=\"height: 24px; border: 0.2em solid #5c96aa;\">\n<td style=\"width: 22.5575%; height: 24px; text-align: center;\">Asesor\u00eda Pozo<\/td>\n<td style=\"width: 25.431%; height: 24px; text-align: center;\">Asesor\u00eda y gestor\u00eda<\/td>\n<td style=\"width: 25.431%; text-align: center; height: 24px;\"><a href=\"https:\/\/goo.gl\/maps\/fYuviunUxoMaQNjNA\" target=\"_blank\" rel=\"noopener\"><img decoding=\"async\" src=\"https:\/\/asemcoperchelmalaga.com\/wp-content\/uploads\/2021\/05\/Icono-de-mapa.png\" width=\"30&lt;\/img\" no-resize-detection=\"\" \/><\/a><\/td>\n<td style=\"width: 26.1494%; height: 24px; text-align: center;\"><span>10% de descuento en servicio de gesti\u00f3n<\/span><\/td>\n<\/tr>\n<tr style=\"height: 24px; border: 0.2em solid #5c96aa;\">\n<td style=\"width: 22.5575%; height: 24px; text-align: center;\">Copyrap<\/td>\n<td style=\"width: 25.431%; height: 24px; text-align: center;\">Copister\u00eda y papeler\u00eda<\/td>\n<td style=\"width: 25.431%; text-align: center; height: 24px;\"><a href=\"https:\/\/goo.gl\/maps\/nfgm8MvS9XZuhxtw9\" target=\"_blank\" rel=\"noopener\"><img decoding=\"async\" src=\"https:\/\/asemcoperchelmalaga.com\/wp-content\/uploads\/2021\/05\/Icono-de-mapa.png\" width=\"30&lt;\/img\" no-resize-detection=\"\" \/><\/a><\/td>\n<td style=\"width: 26.1494%; height: 24px; text-align: center;\">10% de descuento<\/td>\n<\/tr>\n<tr style=\"height: 24px;\">\n<td style=\"width: 22.5575%; height: 24px; text-align: center;\">Noc Atelier<\/td>\n<td style=\"width: 25.431%; height: 24px; text-align: center;\">Moda<\/td>\n<td style=\"width: 25.431%; text-align: center; height: 24px;\"><a href=\"https:\/\/g.page\/Noc-Atelier?share\" target=\"_blank\" rel=\"noopener\"><img decoding=\"async\" src=\"https:\/\/asemcoperchelmalaga.com\/wp-content\/uploads\/2021\/05\/Icono-de-mapa.png\" width=\"30&lt;\/img\" no-resize-detection=\"\" \/><\/a><\/td>\n<td style=\"width: 26.1494%; height: 24px; text-align: center;\">15% de descuento en todos los productos<\/td>\n<\/tr>\n<tr style=\"height: 24px; border: 0.2em solid #5c96aa;\">\n<td style=\"width: 22.5575%; height: 24px; text-align: center;\">Vialet<\/td>\n<td style=\"width: 25.431%; height: 24px; text-align: center;\">\u00d3ptica<\/td>\n<td style=\"width: 25.431%; text-align: center; height: 24px;\"><a href=\"https:\/\/g.page\/optica-vialet?share\" target=\"_blank\" rel=\"noopener\"><img decoding=\"async\" src=\"https:\/\/asemcoperchelmalaga.com\/wp-content\/uploads\/2021\/05\/Icono-de-mapa.png\" width=\"30&lt;\/img\" no-resize-detection=\"\" \/><\/a><\/td>\n<td style=\"width: 26.1494%; height: 24px; text-align: center;\"><span>20% de descuento en fabricaci\u00f3n de lentes y 50% en stock de lentes.<\/span><\/td>\n<\/tr>\n<tr>\n<td style=\"width: 22.5575%; text-align: center;\">Cafeteria Juandi<\/td>\n<td style=\"width: 25.431%; text-align: center;\">Restaurante y bar<\/td>\n<td style=\"width: 25.431%; text-align: center;\"><a href=\"https:\/\/goo.gl\/maps\/ex9t6fqARw1yEWkTA\" target=\"_blank\" rel=\"noopener\"><img decoding=\"async\" src=\"https:\/\/asemcoperchelmalaga.com\/wp-content\/uploads\/2021\/05\/Icono-de-mapa.png\" width=\"30&lt;\/img\" no-resize-detection=\"\" \/><\/a><\/td>\n<td style=\"width: 26.1494%; text-align: center;\"><span>10% de descuento<\/span><\/td>\n<\/tr>\n<tr style=\"height: 24px; border: 0.2em solid #5c96aa;\">\n<td style=\"width: 22.5575%; height: 24px; text-align: center;\">Ven pa c\u00e1<\/td>\n<td style=\"width: 25.431%; height: 24px; text-align: center;\">Restaurante y bar<\/td>\n<td style=\"width: 25.431%; text-align: center; height: 24px;\"><a href=\"https:\/\/goo.gl\/maps\/wWotNAHLTBUzhbdAA\" target=\"_blank\" rel=\"noopener\"><img decoding=\"async\" src=\"https:\/\/asemcoperchelmalaga.com\/wp-content\/uploads\/2021\/05\/Icono-de-mapa.png\" width=\"30&lt;\/img\" no-resize-detection=\"\" \/><\/a><\/td>\n<td style=\"width: 26.1494%; height: 24px; text-align: center;\"><span>10% de descuento<\/span><\/td>\n<\/tr>\n<tr style=\"height: 48px;\">\n<td style=\"width: 22.5575%; text-align: center; height: 48px;\">Urbet M\u00e1laga<\/td>\n<td style=\"width: 25.431%; text-align: center; height: 48px;\">Motos<\/td>\n<td style=\"width: 25.431%; text-align: center; height: 48px;\"><a href=\"https:\/\/goo.gl\/maps\/SVeCxiZNGxjMzeWx6\" target=\"_blank\" rel=\"noopener\"><img decoding=\"async\" src=\"https:\/\/asemcoperchelmalaga.com\/wp-content\/uploads\/2021\/05\/Icono-de-mapa.png\" width=\"30&lt;\/img\" no-resize-detection=\"\" \/><\/a><\/td>\n<td style=\"width: 26.1494%; text-align: center; height: 48px;\"><span>2% de descuento en todos nuestros productos<\/span><\/td>\n<\/tr>\n<\/tbody>\n<\/table>\n<p>[\/et_pb_text][\/et_pb_column][\/et_pb_row][\/et_pb_section][et_pb_section fb_built=\u00bb1&#8243; _builder_version=\u00bb4.4.9&#8243; background_color=\u00bbrgba(0,0,0,0.87)\u00bb background_enable_image=\u00bboff\u00bb custom_padding=\u00bb0px||0px|||\u00bb global_module=\u00bb1163&#8243; saved_tabs=\u00bball\u00bb global_colors_info=\u00bb{}\u00bb][et_pb_row column_structure=\u00bb1_3,1_3,1_3&#8243; use_custom_gutter=\u00bbon\u00bb make_equal=\u00bbon\u00bb _builder_version=\u00bb4.4.9&#8243; width=\u00bb97%\u00bb max_width=\u00bb100%\u00bb module_alignment=\u00bbcenter\u00bb global_colors_info=\u00bb{}\u00bb][et_pb_column type=\u00bb1_3&#8243; _builder_version=\u00bb4.4.9&#8243; global_colors_info=\u00bb{}\u00bb][et_pb_blurb use_icon=\u00bbon\u00bb font_icon=\u00bb%%122%%\u00bb icon_color=\u00bb#5C96AA\u00bb use_icon_font_size=\u00bbon\u00bb icon_font_size=\u00bb34px\u00bb _builder_version=\u00bb4.10.7&#8243; body_font=\u00bbMontserrat||||||||\u00bb body_text_color=\u00bb#ffffff\u00bb text_orientation=\u00bbcenter\u00bb global_colors_info=\u00bb{}\u00bb]<\/p>\n<p>C\/ Senador Francisco Rom\u00e1n, s\/n. Centro Ciudadano El Carmen, 1a. Planta.<\/p>\n<p>29002 &#8211; M\u00e1laga<\/p>\n<p>[\/et_pb_blurb][\/et_pb_column][et_pb_column type=\u00bb1_3&#8243; _builder_version=\u00bb4.4.9&#8243; global_colors_info=\u00bb{}\u00bb][et_pb_blurb use_icon=\u00bbon\u00bb font_icon=\u00bb%%104%%\u00bb icon_color=\u00bb#5C96AA\u00bb use_icon_font_size=\u00bbon\u00bb icon_font_size=\u00bb34px\u00bb _builder_version=\u00bb4.10.7&#8243; body_font=\u00bbMontserrat||||||||\u00bb body_text_color=\u00bb#ffffff\u00bb text_orientation=\u00bbcenter\u00bb custom_margin_last_edited=\u00bboff|desktop\u00bb custom_padding_tablet=\u00bb3em||||false|false\u00bb custom_padding_phone=\u00bb\u00bb custom_padding_last_edited=\u00bbon|tablet\u00bb global_colors_info=\u00bb{}\u00bb]<\/p>\n<p>632 07 13 35<\/p>\n<p>asemcoperchelmalaga@gmail.com<\/p>\n<p>[\/et_pb_blurb][\/et_pb_column][et_pb_column type=\u00bb1_3&#8243; _builder_version=\u00bb4.4.9&#8243; global_colors_info=\u00bb{}\u00bb][et_pb_social_media_follow _builder_version=\u00bb4.4.9&#8243; text_orientation=\u00bbcenter\u00bb custom_margin=\u00bb||||false|false\u00bb custom_margin_tablet=\u00bb0em||||false|false\u00bb custom_margin_phone=\u00bb\u00bb custom_margin_last_edited=\u00bbon|tablet\u00bb custom_padding=\u00bb3em||||false|false\u00bb global_colors_info=\u00bb{}\u00bb][et_pb_social_media_follow_network social_network=\u00bbfacebook\u00bb url=\u00bbhttps:\/\/www.facebook.com\/asemcoperchelmalaga\u00bb icon_color=\u00bb#ffffff\u00bb use_icon_font_size=\u00bbon\u00bb _builder_version=\u00bb4.4.9&#8243; background_color=\u00bb#5C96AA\u00bb background_enable_color=\u00bbon\u00bb custom_button=\u00bbon\u00bb button_text_color=\u00bb#000000&#8243; global_colors_info=\u00bb{}\u00bb follow_button=\u00bboff\u00bb url_new_window=\u00bbon\u00bb]facebook[\/et_pb_social_media_follow_network][et_pb_social_media_follow_network social_network=\u00bbtwitter\u00bb url=\u00bbhttps:\/\/twitter.com\/ASEMCO_Perchel\u00bb icon_color=\u00bb#5C96AA\u00bb _builder_version=\u00bb4.4.9&#8243; background_color=\u00bb#ffffff\u00bb background_enable_color=\u00bbon\u00bb global_colors_info=\u00bb{}\u00bb follow_button=\u00bboff\u00bb url_new_window=\u00bbon\u00bb]twitter[\/et_pb_social_media_follow_network][et_pb_social_media_follow_network social_network=\u00bbinstagram\u00bb url=\u00bbhttps:\/\/www.instagram.com\/asemcoperchelmalaga\/\u00bb _builder_version=\u00bb4.4.9&#8243; background_color=\u00bb#5C96AA\u00bb background_enable_color=\u00bbon\u00bb global_colors_info=\u00bb{}\u00bb follow_button=\u00bboff\u00bb url_new_window=\u00bbon\u00bb]instagram[\/et_pb_social_media_follow_network][\/et_pb_social_media_follow][\/et_pb_column][\/et_pb_row][\/et_pb_section][et_pb_section fb_built=\u00bb1&#8243; _builder_version=\u00bb4.4.9&#8243; background_color=\u00bb#000000&#8243; custom_padding=\u00bb0px||0px|||\u00bb global_module=\u00bb1164&#8243; saved_tabs=\u00bball\u00bb global_colors_info=\u00bb{}\u00bb][et_pb_row column_structure=\u00bb1_2,1_2&#8243; use_custom_gutter=\u00bbon\u00bb make_equal=\u00bbon\u00bb _builder_version=\u00bb4.4.9&#8243; width=\u00bb97%\u00bb max_width=\u00bb100%\u00bb custom_padding=\u00bb0px||0px|||\u00bb global_colors_info=\u00bb{}\u00bb][et_pb_column type=\u00bb1_2&#8243; _builder_version=\u00bb4.4.9&#8243; global_colors_info=\u00bb{}\u00bb][et_pb_text _builder_version=\u00bb4.4.9&#8243; header_3_font=\u00bbMontserrat|600|||||||\u00bb header_3_text_color=\u00bb#ffffff\u00bb header_3_font_size=\u00bb14px\u00bb custom_padding=\u00bb3%||2%||false|false\u00bb header_3_text_align_tablet=\u00bbcenter\u00bb header_3_text_align_phone=\u00bb\u00bb header_3_text_align_last_edited=\u00bbon|tablet\u00bb global_colors_info=\u00bb{}\u00bb]<\/p>\n<h3><span>\u00a9 2020 ASEMCO EL PERCHEL. Todos los derechos reservados.<\/span><\/h3>\n<p>[\/et_pb_text][\/et_pb_column][et_pb_column type=\u00bb1_2&#8243; _builder_version=\u00bb4.4.9&#8243; global_colors_info=\u00bb{}\u00bb][et_pb_text _builder_version=\u00bb4.4.9&#8243; text_font=\u00bb||||||||\u00bb text_text_color=\u00bb#ffffff\u00bb text_orientation=\u00bbright\u00bb custom_margin_tablet=\u00bb||2em||false|false\u00bb custom_margin_phone=\u00bb\u00bb custom_margin_last_edited=\u00bbon|tablet\u00bb custom_padding=\u00bb2%||2%||false|false\u00bb text_orientation_tablet=\u00bbcenter\u00bb text_orientation_phone=\u00bb\u00bb text_orientation_last_edited=\u00bbon|desktop\u00bb global_colors_info=\u00bb{}\u00bb]<\/p>\n<p><a href=\"https:\/\/asemcoperchelmalaga.com\/index.php\/aviso-legal\/\">Aviso Legal<\/a> | <a href=\"https:\/\/asemcoperchelmalaga.com\/index.php\/politica-de-privacidad\/\">Pol\u00edtica de Privacidad<\/a> | <a href=\"https:\/\/asemcoperchelmalaga.com\/index.php\/Cookies\/\">Cookies<\/a><\/p>\n<p>[\/et_pb_text][\/et_pb_column][\/et_pb_row][\/et_pb_section]<\/p>\n","protected":false},"excerpt":{"rendered":"<p>Descuentos para clientes Negocio Categor\u00eda Localizaci\u00f3n Descuento Intrexia Asesor\u00eda y gestor\u00eda 15% de descuento en todos los servicios Asesor\u00eda Pozo Asesor\u00eda y gestor\u00eda 10% de descuento en servicio de gesti\u00f3n Copyrap Copister\u00eda y papeler\u00eda 10% de descuento Noc Atelier Moda 15% de descuento en todos los productos Vialet \u00d3ptica 20% de descuento en fabricaci\u00f3n de [&hellip;]<\/p>\n","protected":false},"author":1,"featured_media":0,"parent":0,"menu_order":0,"comment_status":"closed","ping_status":"closed","template":"","meta":{"_et_pb_use_builder":"on","_et_pb_old_content":"<!-- wp:divi\/placeholder \/-->","_et_gb_content_width":"","footnotes":""},"yoast_head":"<!-- This site is optimized with the Yoast SEO plugin v23.0 - https:\/\/yoast.com\/wordpress\/plugins\/seo\/ -->\n<title>Descuentos para clientes - Asemco Perchel M&aacute;laga<\/title>\n<meta name=\"robots\" content=\"index, follow, max-snippet:-1, max-image-preview:large, max-video-preview:-1\" \/>\n<link rel=\"canonical\" href=\"https:\/\/asemcoperchelmalaga.com\/index.php\/descuentos-para-clientes\/\" \/>\n<meta property=\"og:locale\" content=\"es_ES\" \/>\n<meta property=\"og:type\" content=\"article\" \/>\n<meta property=\"og:title\" content=\"Descuentos para clientes - Asemco Perchel M&aacute;laga\" \/>\n<meta property=\"og:description\" content=\"Descuentos para clientes Negocio Categor\u00eda Localizaci\u00f3n Descuento Intrexia Asesor\u00eda y gestor\u00eda 15% de descuento en todos los servicios Asesor\u00eda Pozo Asesor\u00eda y gestor\u00eda 10% de descuento en servicio de gesti\u00f3n Copyrap Copister\u00eda y papeler\u00eda 10% de descuento Noc Atelier Moda 15% de descuento en todos los productos Vialet \u00d3ptica 20% de descuento en fabricaci\u00f3n de [&hellip;]\" \/>\n<meta property=\"og:url\" content=\"https:\/\/asemcoperchelmalaga.com\/index.php\/descuentos-para-clientes\/\" \/>\n<meta property=\"og:site_name\" content=\"Asemco Perchel M&aacute;laga\" \/>\n<meta property=\"article:modified_time\" content=\"2022-08-26T17:51:16+00:00\" \/>\n<meta property=\"og:image\" content=\"https:\/\/asemcoperchelmalaga.com\/wp-content\/uploads\/2021\/05\/Icono-de-mapa.png\" \/>\n<meta name=\"twitter:card\" content=\"summary_large_image\" \/>\n<script type=\"application\/ld+json\" class=\"yoast-schema-graph\">{\"@context\":\"https:\/\/schema.org\",\"@graph\":[{\"@type\":\"WebPage\",\"@id\":\"https:\/\/asemcoperchelmalaga.com\/index.php\/descuentos-para-clientes\/\",\"url\":\"https:\/\/asemcoperchelmalaga.com\/index.php\/descuentos-para-clientes\/\",\"name\":\"Descuentos para clientes - Asemco Perchel M&aacute;laga\",\"isPartOf\":{\"@id\":\"https:\/\/asemcoperchelmalaga.com\/#website\"},\"primaryImageOfPage\":{\"@id\":\"https:\/\/asemcoperchelmalaga.com\/index.php\/descuentos-para-clientes\/#primaryimage\"},\"image\":{\"@id\":\"https:\/\/asemcoperchelmalaga.com\/index.php\/descuentos-para-clientes\/#primaryimage\"},\"thumbnailUrl\":\"https:\/\/asemcoperchelmalaga.com\/wp-content\/uploads\/2021\/05\/Icono-de-mapa.png\",\"datePublished\":\"2021-05-17T15:07:09+00:00\",\"dateModified\":\"2022-08-26T17:51:16+00:00\",\"breadcrumb\":{\"@id\":\"https:\/\/asemcoperchelmalaga.com\/index.php\/descuentos-para-clientes\/#breadcrumb\"},\"inLanguage\":\"es\",\"potentialAction\":[{\"@type\":\"ReadAction\",\"target\":[\"https:\/\/asemcoperchelmalaga.com\/index.php\/descuentos-para-clientes\/\"]}]},{\"@type\":\"ImageObject\",\"inLanguage\":\"es\",\"@id\":\"https:\/\/asemcoperchelmalaga.com\/index.php\/descuentos-para-clientes\/#primaryimage\",\"url\":\"https:\/\/asemcoperchelmalaga.com\/wp-content\/uploads\/2021\/05\/Icono-de-mapa.png\",\"contentUrl\":\"https:\/\/asemcoperchelmalaga.com\/wp-content\/uploads\/2021\/05\/Icono-de-mapa.png\",\"width\":512,\"height\":512},{\"@type\":\"BreadcrumbList\",\"@id\":\"https:\/\/asemcoperchelmalaga.com\/index.php\/descuentos-para-clientes\/#breadcrumb\",\"itemListElement\":[{\"@type\":\"ListItem\",\"position\":1,\"name\":\"Portada\",\"item\":\"https:\/\/asemcoperchelmalaga.com\/\"},{\"@type\":\"ListItem\",\"position\":2,\"name\":\"Descuentos para clientes\"}]},{\"@type\":\"WebSite\",\"@id\":\"https:\/\/asemcoperchelmalaga.com\/#website\",\"url\":\"https:\/\/asemcoperchelmalaga.com\/\",\"name\":\"Asemco Perchel M&aacute;laga\",\"description\":\"\",\"potentialAction\":[{\"@type\":\"SearchAction\",\"target\":{\"@type\":\"EntryPoint\",\"urlTemplate\":\"https:\/\/asemcoperchelmalaga.com\/?s={search_term_string}\"},\"query-input\":\"required name=search_term_string\"}],\"inLanguage\":\"es\"}]}<\/script>\n<!-- \/ Yoast SEO plugin. -->","yoast_head_json":{"title":"Descuentos para clientes - Asemco Perchel M&aacute;laga","robots":{"index":"index","follow":"follow","max-snippet":"max-snippet:-1","max-image-preview":"max-image-preview:large","max-video-preview":"max-video-preview:-1"},"canonical":"https:\/\/asemcoperchelmalaga.com\/index.php\/descuentos-para-clientes\/","og_locale":"es_ES","og_type":"article","og_title":"Descuentos para clientes - Asemco Perchel M&aacute;laga","og_description":"Descuentos para clientes Negocio Categor\u00eda Localizaci\u00f3n Descuento Intrexia Asesor\u00eda y gestor\u00eda 15% de descuento en todos los servicios Asesor\u00eda Pozo Asesor\u00eda y gestor\u00eda 10% de descuento en servicio de gesti\u00f3n Copyrap Copister\u00eda y papeler\u00eda 10% de descuento Noc Atelier Moda 15% de descuento en todos los productos Vialet \u00d3ptica 20% de descuento en fabricaci\u00f3n de [&hellip;]","og_url":"https:\/\/asemcoperchelmalaga.com\/index.php\/descuentos-para-clientes\/","og_site_name":"Asemco Perchel M&aacute;laga","article_modified_time":"2022-08-26T17:51:16+00:00","og_image":[{"url":"https:\/\/asemcoperchelmalaga.com\/wp-content\/uploads\/2021\/05\/Icono-de-mapa.png"}],"twitter_card":"summary_large_image","schema":{"@context":"https:\/\/schema.org","@graph":[{"@type":"WebPage","@id":"https:\/\/asemcoperchelmalaga.com\/index.php\/descuentos-para-clientes\/","url":"https:\/\/asemcoperchelmalaga.com\/index.php\/descuentos-para-clientes\/","name":"Descuentos para clientes - Asemco Perchel M&aacute;laga","isPartOf":{"@id":"https:\/\/asemcoperchelmalaga.com\/#website"},"primaryImageOfPage":{"@id":"https:\/\/asemcoperchelmalaga.com\/index.php\/descuentos-para-clientes\/#primaryimage"},"image":{"@id":"https:\/\/asemcoperchelmalaga.com\/index.php\/descuentos-para-clientes\/#primaryimage"},"thumbnailUrl":"https:\/\/asemcoperchelmalaga.com\/wp-content\/uploads\/2021\/05\/Icono-de-mapa.png","datePublished":"2021-05-17T15:07:09+00:00","dateModified":"2022-08-26T17:51:16+00:00","breadcrumb":{"@id":"https:\/\/asemcoperchelmalaga.com\/index.php\/descuentos-para-clientes\/#breadcrumb"},"inLanguage":"es","potentialAction":[{"@type":"ReadAction","target":["https:\/\/asemcoperchelmalaga.com\/index.php\/descuentos-para-clientes\/"]}]},{"@type":"ImageObject","inLanguage":"es","@id":"https:\/\/asemcoperchelmalaga.com\/index.php\/descuentos-para-clientes\/#primaryimage","url":"https:\/\/asemcoperchelmalaga.com\/wp-content\/uploads\/2021\/05\/Icono-de-mapa.png","contentUrl":"https:\/\/asemcoperchelmalaga.com\/wp-content\/uploads\/2021\/05\/Icono-de-mapa.png","width":512,"height":512},{"@type":"BreadcrumbList","@id":"https:\/\/asemcoperchelmalaga.com\/index.php\/descuentos-para-clientes\/#breadcrumb","itemListElement":[{"@type":"ListItem","position":1,"name":"Portada","item":"https:\/\/asemcoperchelmalaga.com\/"},{"@type":"ListItem","position":2,"name":"Descuentos para clientes"}]},{"@type":"WebSite","@id":"https:\/\/asemcoperchelmalaga.com\/#website","url":"https:\/\/asemcoperchelmalaga.com\/","name":"Asemco Perchel M&aacute;laga","description":"","potentialAction":[{"@type":"SearchAction","target":{"@type":"EntryPoint","urlTemplate":"https:\/\/asemcoperchelmalaga.com\/?s={search_term_string}"},"query-input":"required name=search_term_string"}],"inLanguage":"es"}]}},"_links":{"self":[{"href":"https:\/\/asemcoperchelmalaga.com\/index.php\/wp-json\/wp\/v2\/pages\/1726"}],"collection":[{"href":"https:\/\/asemcoperchelmalaga.com\/index.php\/wp-json\/wp\/v2\/pages"}],"about":[{"href":"https:\/\/asemcoperchelmalaga.com\/index.php\/wp-json\/wp\/v2\/types\/page"}],"author":[{"embeddable":true,"href":"https:\/\/asemcoperchelmalaga.com\/index.php\/wp-json\/wp\/v2\/users\/1"}],"replies":[{"embeddable":true,"href":"https:\/\/asemcoperchelmalaga.com\/index.php\/wp-json\/wp\/v2\/comments?post=1726"}],"version-history":[{"count":25,"href":"https:\/\/asemcoperchelmalaga.com\/index.php\/wp-json\/wp\/v2\/pages\/1726\/revisions"}],"predecessor-version":[{"id":2134,"href":"https:\/\/asemcoperchelmalaga.com\/index.php\/wp-json\/wp\/v2\/pages\/1726\/revisions\/2134"}],"wp:attachment":[{"href":"https:\/\/asemcoperchelmalaga.com\/index.php\/wp-json\/wp\/v2\/media?parent=1726"}],"curies":[{"name":"wp","href":"https:\/\/api.w.org\/{rel}","templated":true}]}}