{"id":1233,"date":"2020-07-17T02:13:00","date_gmt":"2020-07-17T00:13:00","guid":{"rendered":"https:\/\/asemcoperchelmalaga.com\/?page_id=1233"},"modified":"2021-10-01T02:37:32","modified_gmt":"2021-10-01T00:37:32","slug":"intrexia","status":"publish","type":"page","link":"https:\/\/asemcoperchelmalaga.com\/index.php\/intrexia\/","title":{"rendered":"Intrexia"},"content":{"rendered":"<p>[et_pb_section fb_built=\u00bb1&#8243; _builder_version=\u00bb4.4.9&#8243; background_image=\u00bbhttps:\/\/asemcoperchelmalaga.com\/wp-content\/uploads\/2018\/11\/patron_cuadrados_desintegrandose.jpg\u00bb parallax=\u00bbon\u00bb custom_margin=\u00bb||||false|false\u00bb custom_padding=\u00bb6em||6em||false|false\u00bb][et_pb_row _builder_version=\u00bb4.4.9&#8243; background_color=\u00bbrgba(0,0,0,0.4)\u00bb max_width=\u00bb53em\u00bb max_width_tablet=\u00bb\u00bb max_width_phone=\u00bb100%\u00bb max_width_last_edited=\u00bbon|phone\u00bb][et_pb_column type=\u00bb4_4&#8243; _builder_version=\u00bb4.4.9&#8243;][et_pb_text _builder_version=\u00bb4.4.9&#8243; text_font=\u00bbMontserrat|700||on|||||\u00bb text_text_color=\u00bb#ffffff\u00bb text_font_size=\u00bb3em\u00bb header_text_color=\u00bb#ffffff\u00bb text_orientation=\u00bbcenter\u00bb text_font_size_tablet=\u00bb\u00bb text_font_size_phone=\u00bb1.8em\u00bb text_font_size_last_edited=\u00bbon|phone\u00bb]<\/p>\n<p>Directorio de empresas<\/p>\n<p>[\/et_pb_text][\/et_pb_column][\/et_pb_row][\/et_pb_section][et_pb_section fb_built=\u00bb1&#8243; make_equal=\u00bbon\u00bb use_custom_gutter=\u00bbon\u00bb gutter_width=\u00bb2&#8243; specialty=\u00bbon\u00bb _builder_version=\u00bb4.4.9&#8243; width=\u00bb80%\u00bb width_tablet=\u00bb80%\u00bb width_phone=\u00bb\u00bb width_last_edited=\u00bbon|tablet\u00bb max_width=\u00bb1080px\u00bb module_alignment=\u00bbcenter\u00bb inner_width=\u00bb100%\u00bb custom_margin=\u00bb3em||4em||false|false\u00bb custom_padding=\u00bb0px||0px|||\u00bb border_radii=\u00bbon|1.5em|1.5em|1.5em|1.5em\u00bb border_width_all=\u00bb3px\u00bb border_color_all=\u00bb#5C96AA\u00bb][et_pb_column type=\u00bb1_4&#8243; _builder_version=\u00bb3.25&#8243; custom_padding=\u00bb|||\u00bb custom_padding__hover=\u00bb|||\u00bb][et_pb_text disabled_on=\u00bboff|off|on\u00bb _builder_version=\u00bb4.4.9&#8243; header_3_font=\u00bbMontserrat|700||on|||||\u00bb header_3_text_color=\u00bb#5C96AA\u00bb header_3_font_size=\u00bb2.5em\u00bb custom_margin=\u00bb1em|||1em|false|false\u00bb]<\/p>\n<h3><span style=\"text-decoration: underline;\">INTREXIA<\/span><\/h3>\n<p>[\/et_pb_text][et_pb_image src=\u00bbhttps:\/\/asemcoperchelmalaga.com\/wp-content\/uploads\/2019\/12\/Logo-INTREXIA-JPG-1.jpg\u00bb alt=\u00bbINTREXIA\u00bb title_text=\u00bbINTREXIA\u00bb align=\u00bbcenter\u00bb _builder_version=\u00bb4.4.9&#8243; width_tablet=\u00bb65%\u00bb width_phone=\u00bb100%\u00bb width_last_edited=\u00bbon|phone\u00bb custom_padding=\u00bb0em|0em|0em|1em|false|false\u00bb custom_padding_tablet=\u00bb1em|1em|0em||false|false\u00bb custom_padding_phone=\u00bb\u00bb custom_padding_last_edited=\u00bbon|tablet\u00bb module_alignment_tablet=\u00bbcenter\u00bb module_alignment_phone=\u00bb\u00bb module_alignment_last_edited=\u00bbon|tablet\u00bb border_radii=\u00bbon|0em|0em|0em|0em\u00bb border_width_all=\u00bb1px\u00bb border_color_all=\u00bb#5C96AA\u00bb][\/et_pb_image][et_pb_text _builder_version=\u00bb4.5.6&#8243; text_font=\u00bbMontserrat||||||||\u00bb text_text_color=\u00bb#000000&#8243; text_font_size=\u00bb1em\u00bb link_text_color=\u00bb#000000&#8243; custom_margin=\u00bb1em|1em|1em|1em|false|false\u00bb hover_enabled=\u00bb0&#8243;]<\/p>\n<p><span style=\"text-decoration: underline;\"><em><strong>Descripci\u00f3n:<\/strong><\/em><\/span> Consultor\u00eda especializada en planificaci\u00f3n financiera, fiscal y fondos de inversi\u00f3n.<\/p>\n<p><em><span style=\"text-decoration: underline;\"><strong>Direcci\u00f3n:<\/strong><\/span><\/em>\u00a0<span>C\/ Salitre 1, 6-2<\/span><\/p>\n<p><span><em><span style=\"text-decoration: underline;\"><strong>Tel\u00e9fono:<\/strong><\/span><\/em>\u00a0<span style=\"font-weight: 400;\">951 77 86 85<\/span><\/span><\/p>\n<p><em><span style=\"text-decoration: underline;\"><strong>Web:<\/strong><\/span><\/em><a href=\"https:\/\/intrexia.com\/\" target=\"_blank\" rel=\"noopener noreferrer\">\u00a0https:\/\/intrexia.com\/<\/a><\/p>\n<p><span style=\"font-size: 14px;\"><span style=\"text-decoration: underline;\"><em><strong>Ventajas de socio:<\/strong><\/em><\/span>\u00a015% de descuento en todos los servicios<\/span><\/p>\n<p>[\/et_pb_text][\/et_pb_column][et_pb_column type=\u00bb3_4&#8243; specialty_columns=\u00bb3&#8243; _builder_version=\u00bb3.25&#8243; custom_padding=\u00bb|||\u00bb custom_padding__hover=\u00bb|||\u00bb][et_pb_row_inner use_custom_gutter=\u00bbon\u00bb make_equal=\u00bbon\u00bb _builder_version=\u00bb4.4.9&#8243; height=\u00bb100%\u00bb max_height=\u00bb100%\u00bb custom_padding=\u00bb1em|1em|1em|1em|false|false\u00bb border_width_left=\u00bb1px\u00bb border_color_left=\u00bb#5C96AA\u00bb][et_pb_column_inner saved_specialty_column_type=\u00bb3_4&#8243; _builder_version=\u00bb4.4.9&#8243;][et_pb_text disabled_on=\u00bbon|on|off\u00bb _builder_version=\u00bb4.4.9&#8243; header_3_font=\u00bbMontserrat|700||on|||||\u00bb header_3_text_color=\u00bb#5C96AA\u00bb header_3_font_size=\u00bb2.5em\u00bb custom_margin=\u00bb|||1.5em|false|false\u00bb]<\/p>\n<h3><span style=\"text-decoration: underline;\">INTREXIA<\/span><\/h3>\n<p>[\/et_pb_text][et_pb_text _builder_version=\u00bb4.5.6&#8243; custom_padding=\u00bb1em|1em|1em|1em|false|false\u00bb]<\/p>\n<p><span>En Intrexia somos un equipo de Asesores de Empresa, Asesores Financieros y Abogados, que trabajamos para el desarrollo de tu negocio. Adem\u00e1s, tambi\u00e9n te asesoraremos sobre realizaci\u00f3n de inversiones tales como fondos de inversi\u00f3n, planes de pensiones o seguros de vida. Si te deben dinero, nuestro equipo de expertos en recuperaci\u00f3n de deuda extrajudicial te har\u00e1 un an\u00e1lisis sobre la recuperaci\u00f3n temprana de tu dinero.<\/span><\/p>\n<p>[\/et_pb_text][et_pb_code _builder_version=\u00bb4.5.6&#8243; border_color_all=\u00bb#000000&#8243;]<iframe loading=\"lazy\" src=\"https:\/\/www.google.com\/maps\/embed?pb=!1m18!1m12!1m3!1d3198.3496429052375!2d-4.428663185222996!3d36.71416318023876!2m3!1f0!2f0!3f0!3m2!1i1024!2i768!4f13.1!3m3!1m2!1s0xd72f790e50d93ed%3A0x1d14001ebcb50a53!2sCalle%20Salitre%2C%201%2C%2029002%20M%C3%A1laga!5e0!3m2!1ses!2ses!4v1594948325914!5m2!1ses!2ses\" width=\"1300\" height=\"500\" frameborder=\"0\" style=\"border:0;\" allowfullscreen=\"\" aria-hidden=\"false\" tabindex=\"0\"><\/iframe>[\/et_pb_code][\/et_pb_column_inner][\/et_pb_row_inner][\/et_pb_column][\/et_pb_section][et_pb_section fb_built=\u00bb1&#8243; _builder_version=\u00bb4.4.9&#8243; background_color=\u00bbrgba(0,0,0,0.87)\u00bb background_enable_image=\u00bboff\u00bb custom_padding=\u00bb0px||0px|||\u00bb global_module=\u00bb1163&#8243; saved_tabs=\u00bball\u00bb][et_pb_row column_structure=\u00bb1_3,1_3,1_3&#8243; use_custom_gutter=\u00bbon\u00bb make_equal=\u00bbon\u00bb _builder_version=\u00bb4.4.9&#8243; width=\u00bb97%\u00bb max_width=\u00bb100%\u00bb module_alignment=\u00bbcenter\u00bb][et_pb_column type=\u00bb1_3&#8243; _builder_version=\u00bb4.4.9&#8243;][et_pb_blurb use_icon=\u00bbon\u00bb font_icon=\u00bb%%122%%\u00bb icon_color=\u00bb#5C96AA\u00bb use_icon_font_size=\u00bbon\u00bb icon_font_size=\u00bb34px\u00bb _builder_version=\u00bb4.4.9&#8243; body_font=\u00bbMontserrat||||||||\u00bb body_text_color=\u00bb#ffffff\u00bb text_orientation=\u00bbcenter\u00bb]<\/p>\n<p>Calle Malpica 9 Local 4<\/p>\n<p>29002 &#8211; M\u00e1laga<\/p>\n<p>[\/et_pb_blurb][\/et_pb_column][et_pb_column type=\u00bb1_3&#8243; _builder_version=\u00bb4.4.9&#8243;][et_pb_blurb use_icon=\u00bbon\u00bb font_icon=\u00bb%%104%%\u00bb icon_color=\u00bb#5C96AA\u00bb use_icon_font_size=\u00bbon\u00bb icon_font_size=\u00bb34px\u00bb _builder_version=\u00bb4.4.9&#8243; body_font=\u00bbMontserrat||||||||\u00bb body_text_color=\u00bb#ffffff\u00bb text_orientation=\u00bbcenter\u00bb custom_margin_last_edited=\u00bboff|desktop\u00bb custom_padding_tablet=\u00bb3em||||false|false\u00bb custom_padding_phone=\u00bb\u00bb custom_padding_last_edited=\u00bbon|tablet\u00bb]<\/p>\n<p>951 77 86 85<\/p>\n<p>info@asemcoperchelmalaga.com<\/p>\n<p>[\/et_pb_blurb][\/et_pb_column][et_pb_column type=\u00bb1_3&#8243; _builder_version=\u00bb4.4.9&#8243;][et_pb_social_media_follow _builder_version=\u00bb4.4.9&#8243; text_orientation=\u00bbcenter\u00bb custom_margin=\u00bb||||false|false\u00bb custom_margin_tablet=\u00bb0em||||false|false\u00bb custom_margin_phone=\u00bb\u00bb custom_margin_last_edited=\u00bbon|tablet\u00bb custom_padding=\u00bb3em||||false|false\u00bb][et_pb_social_media_follow_network social_network=\u00bbfacebook\u00bb url=\u00bbhttps:\/\/www.facebook.com\/asemcoperchelmalaga\u00bb icon_color=\u00bb#ffffff\u00bb use_icon_font_size=\u00bbon\u00bb _builder_version=\u00bb4.4.9&#8243; background_color=\u00bb#5C96AA\u00bb background_enable_color=\u00bbon\u00bb custom_button=\u00bbon\u00bb button_text_color=\u00bb#000000&#8243; follow_button=\u00bboff\u00bb url_new_window=\u00bbon\u00bb]facebook[\/et_pb_social_media_follow_network][et_pb_social_media_follow_network social_network=\u00bbtwitter\u00bb url=\u00bbhttps:\/\/twitter.com\/ASEMCO_Perchel\u00bb icon_color=\u00bb#5C96AA\u00bb _builder_version=\u00bb4.4.9&#8243; background_color=\u00bb#ffffff\u00bb background_enable_color=\u00bbon\u00bb follow_button=\u00bboff\u00bb url_new_window=\u00bbon\u00bb]twitter[\/et_pb_social_media_follow_network][et_pb_social_media_follow_network social_network=\u00bbinstagram\u00bb url=\u00bbhttps:\/\/www.instagram.com\/asemcoperchelmalaga\/\u00bb _builder_version=\u00bb4.4.9&#8243; background_color=\u00bb#5C96AA\u00bb background_enable_color=\u00bbon\u00bb follow_button=\u00bboff\u00bb url_new_window=\u00bbon\u00bb]instagram[\/et_pb_social_media_follow_network][\/et_pb_social_media_follow][\/et_pb_column][\/et_pb_row][\/et_pb_section][et_pb_section fb_built=\u00bb1&#8243; _builder_version=\u00bb4.4.9&#8243; background_color=\u00bb#000000&#8243; custom_padding=\u00bb0px||0px|||\u00bb global_module=\u00bb1164&#8243; saved_tabs=\u00bball\u00bb][et_pb_row column_structure=\u00bb1_2,1_2&#8243; use_custom_gutter=\u00bbon\u00bb make_equal=\u00bbon\u00bb _builder_version=\u00bb4.4.9&#8243; width=\u00bb97%\u00bb max_width=\u00bb100%\u00bb custom_padding=\u00bb0px||0px|||\u00bb][et_pb_column type=\u00bb1_2&#8243; _builder_version=\u00bb4.4.9&#8243;][et_pb_text _builder_version=\u00bb4.4.9&#8243; header_3_font=\u00bbMontserrat|600|||||||\u00bb header_3_text_color=\u00bb#ffffff\u00bb header_3_font_size=\u00bb14px\u00bb custom_padding=\u00bb3%||2%||false|false\u00bb header_3_text_align_tablet=\u00bbcenter\u00bb header_3_text_align_phone=\u00bb\u00bb header_3_text_align_last_edited=\u00bbon|tablet\u00bb]<\/p>\n<h3><span>\u00a9 2020 ASEMCO EL PERCHEL. Todos los derechos reservados.<\/span><\/h3>\n<p>[\/et_pb_text][\/et_pb_column][et_pb_column type=\u00bb1_2&#8243; _builder_version=\u00bb4.4.9&#8243;][et_pb_text _builder_version=\u00bb4.4.9&#8243; text_font=\u00bb||||||||\u00bb text_text_color=\u00bb#ffffff\u00bb text_orientation=\u00bbright\u00bb custom_margin_tablet=\u00bb||2em||false|false\u00bb custom_margin_phone=\u00bb\u00bb custom_margin_last_edited=\u00bbon|tablet\u00bb custom_padding=\u00bb2%||2%||false|false\u00bb text_orientation_tablet=\u00bbcenter\u00bb text_orientation_phone=\u00bb\u00bb text_orientation_last_edited=\u00bbon|desktop\u00bb]<\/p>\n<p><a href=\"https:\/\/asemcoperchelmalaga.com\/index.php\/aviso-legal\/\">Aviso Legal<\/a> | <a href=\"https:\/\/asemcoperchelmalaga.com\/index.php\/politica-de-privacidad\/\">Pol\u00edtica de Privacidad<\/a> | <a href=\"https:\/\/asemcoperchelmalaga.com\/index.php\/Cookies\/\">Cookies<\/a><\/p>\n<p>[\/et_pb_text][\/et_pb_column][\/et_pb_row][\/et_pb_section]<\/p>\n","protected":false},"excerpt":{"rendered":"<p>Directorio de empresasINTREXIADescripci\u00f3n: Consultor\u00eda especializada en planificaci\u00f3n financiera, fiscal y fondos de inversi\u00f3n. Direcci\u00f3n:\u00a0C\/ Salitre 1, 6-2 Tel\u00e9fono:\u00a0951 77 86 85 Web:\u00a0https:\/\/intrexia.com\/ Ventajas de socio:\u00a015% de descuento en todos los servicios INTREXIAEn Intrexia somos un equipo de Asesores de Empresa, Asesores Financieros y Abogados, que trabajamos para el desarrollo de tu negocio. Adem\u00e1s, tambi\u00e9n te [&hellip;]<\/p>\n","protected":false},"author":1,"featured_media":0,"parent":0,"menu_order":0,"comment_status":"closed","ping_status":"closed","template":"","meta":{"_et_pb_use_builder":"on","_et_pb_old_content":"<!-- wp:divi\/placeholder \/-->","_et_gb_content_width":"","footnotes":""},"yoast_head":"<!-- This site is optimized with the Yoast SEO plugin v23.0 - https:\/\/yoast.com\/wordpress\/plugins\/seo\/ -->\n<title>Intrexia - Asemco Perchel M&aacute;laga<\/title>\n<meta name=\"robots\" content=\"index, follow, max-snippet:-1, max-image-preview:large, max-video-preview:-1\" \/>\n<link rel=\"canonical\" href=\"https:\/\/asemcoperchelmalaga.com\/index.php\/intrexia\/\" \/>\n<meta property=\"og:locale\" content=\"es_ES\" \/>\n<meta property=\"og:type\" content=\"article\" \/>\n<meta property=\"og:title\" content=\"Intrexia - Asemco Perchel M&aacute;laga\" \/>\n<meta property=\"og:description\" content=\"Directorio de empresasINTREXIADescripci\u00f3n: Consultor\u00eda especializada en planificaci\u00f3n financiera, fiscal y fondos de inversi\u00f3n. Direcci\u00f3n:\u00a0C\/ Salitre 1, 6-2 Tel\u00e9fono:\u00a0951 77 86 85 Web:\u00a0https:\/\/intrexia.com\/ Ventajas de socio:\u00a015% de descuento en todos los servicios INTREXIAEn Intrexia somos un equipo de Asesores de Empresa, Asesores Financieros y Abogados, que trabajamos para el desarrollo de tu negocio. Adem\u00e1s, tambi\u00e9n te [&hellip;]\" \/>\n<meta property=\"og:url\" content=\"https:\/\/asemcoperchelmalaga.com\/index.php\/intrexia\/\" \/>\n<meta property=\"og:site_name\" content=\"Asemco Perchel M&aacute;laga\" \/>\n<meta property=\"article:modified_time\" content=\"2021-10-01T00:37:32+00:00\" \/>\n<meta name=\"twitter:card\" content=\"summary_large_image\" \/>\n<meta name=\"twitter:label1\" content=\"Tiempo de lectura\" \/>\n\t<meta name=\"twitter:data1\" content=\"5 minutos\" \/>\n<script type=\"application\/ld+json\" class=\"yoast-schema-graph\">{\"@context\":\"https:\/\/schema.org\",\"@graph\":[{\"@type\":\"WebPage\",\"@id\":\"https:\/\/asemcoperchelmalaga.com\/index.php\/intrexia\/\",\"url\":\"https:\/\/asemcoperchelmalaga.com\/index.php\/intrexia\/\",\"name\":\"Intrexia - Asemco Perchel M&aacute;laga\",\"isPartOf\":{\"@id\":\"https:\/\/asemcoperchelmalaga.com\/#website\"},\"datePublished\":\"2020-07-17T00:13:00+00:00\",\"dateModified\":\"2021-10-01T00:37:32+00:00\",\"breadcrumb\":{\"@id\":\"https:\/\/asemcoperchelmalaga.com\/index.php\/intrexia\/#breadcrumb\"},\"inLanguage\":\"es\",\"potentialAction\":[{\"@type\":\"ReadAction\",\"target\":[\"https:\/\/asemcoperchelmalaga.com\/index.php\/intrexia\/\"]}]},{\"@type\":\"BreadcrumbList\",\"@id\":\"https:\/\/asemcoperchelmalaga.com\/index.php\/intrexia\/#breadcrumb\",\"itemListElement\":[{\"@type\":\"ListItem\",\"position\":1,\"name\":\"Portada\",\"item\":\"https:\/\/asemcoperchelmalaga.com\/\"},{\"@type\":\"ListItem\",\"position\":2,\"name\":\"Intrexia\"}]},{\"@type\":\"WebSite\",\"@id\":\"https:\/\/asemcoperchelmalaga.com\/#website\",\"url\":\"https:\/\/asemcoperchelmalaga.com\/\",\"name\":\"Asemco Perchel M&aacute;laga\",\"description\":\"\",\"potentialAction\":[{\"@type\":\"SearchAction\",\"target\":{\"@type\":\"EntryPoint\",\"urlTemplate\":\"https:\/\/asemcoperchelmalaga.com\/?s={search_term_string}\"},\"query-input\":\"required name=search_term_string\"}],\"inLanguage\":\"es\"}]}<\/script>\n<!-- \/ Yoast SEO plugin. -->","yoast_head_json":{"title":"Intrexia - Asemco Perchel M&aacute;laga","robots":{"index":"index","follow":"follow","max-snippet":"max-snippet:-1","max-image-preview":"max-image-preview:large","max-video-preview":"max-video-preview:-1"},"canonical":"https:\/\/asemcoperchelmalaga.com\/index.php\/intrexia\/","og_locale":"es_ES","og_type":"article","og_title":"Intrexia - Asemco Perchel M&aacute;laga","og_description":"Directorio de empresasINTREXIADescripci\u00f3n: Consultor\u00eda especializada en planificaci\u00f3n financiera, fiscal y fondos de inversi\u00f3n. Direcci\u00f3n:\u00a0C\/ Salitre 1, 6-2 Tel\u00e9fono:\u00a0951 77 86 85 Web:\u00a0https:\/\/intrexia.com\/ Ventajas de socio:\u00a015% de descuento en todos los servicios INTREXIAEn Intrexia somos un equipo de Asesores de Empresa, Asesores Financieros y Abogados, que trabajamos para el desarrollo de tu negocio. Adem\u00e1s, tambi\u00e9n te [&hellip;]","og_url":"https:\/\/asemcoperchelmalaga.com\/index.php\/intrexia\/","og_site_name":"Asemco Perchel M&aacute;laga","article_modified_time":"2021-10-01T00:37:32+00:00","twitter_card":"summary_large_image","twitter_misc":{"Tiempo de lectura":"5 minutos"},"schema":{"@context":"https:\/\/schema.org","@graph":[{"@type":"WebPage","@id":"https:\/\/asemcoperchelmalaga.com\/index.php\/intrexia\/","url":"https:\/\/asemcoperchelmalaga.com\/index.php\/intrexia\/","name":"Intrexia - Asemco Perchel M&aacute;laga","isPartOf":{"@id":"https:\/\/asemcoperchelmalaga.com\/#website"},"datePublished":"2020-07-17T00:13:00+00:00","dateModified":"2021-10-01T00:37:32+00:00","breadcrumb":{"@id":"https:\/\/asemcoperchelmalaga.com\/index.php\/intrexia\/#breadcrumb"},"inLanguage":"es","potentialAction":[{"@type":"ReadAction","target":["https:\/\/asemcoperchelmalaga.com\/index.php\/intrexia\/"]}]},{"@type":"BreadcrumbList","@id":"https:\/\/asemcoperchelmalaga.com\/index.php\/intrexia\/#breadcrumb","itemListElement":[{"@type":"ListItem","position":1,"name":"Portada","item":"https:\/\/asemcoperchelmalaga.com\/"},{"@type":"ListItem","position":2,"name":"Intrexia"}]},{"@type":"WebSite","@id":"https:\/\/asemcoperchelmalaga.com\/#website","url":"https:\/\/asemcoperchelmalaga.com\/","name":"Asemco Perchel M&aacute;laga","description":"","potentialAction":[{"@type":"SearchAction","target":{"@type":"EntryPoint","urlTemplate":"https:\/\/asemcoperchelmalaga.com\/?s={search_term_string}"},"query-input":"required name=search_term_string"}],"inLanguage":"es"}]}},"_links":{"self":[{"href":"https:\/\/asemcoperchelmalaga.com\/index.php\/wp-json\/wp\/v2\/pages\/1233"}],"collection":[{"href":"https:\/\/asemcoperchelmalaga.com\/index.php\/wp-json\/wp\/v2\/pages"}],"about":[{"href":"https:\/\/asemcoperchelmalaga.com\/index.php\/wp-json\/wp\/v2\/types\/page"}],"author":[{"embeddable":true,"href":"https:\/\/asemcoperchelmalaga.com\/index.php\/wp-json\/wp\/v2\/users\/1"}],"replies":[{"embeddable":true,"href":"https:\/\/asemcoperchelmalaga.com\/index.php\/wp-json\/wp\/v2\/comments?post=1233"}],"version-history":[{"count":12,"href":"https:\/\/asemcoperchelmalaga.com\/index.php\/wp-json\/wp\/v2\/pages\/1233\/revisions"}],"predecessor-version":[{"id":1550,"href":"https:\/\/asemcoperchelmalaga.com\/index.php\/wp-json\/wp\/v2\/pages\/1233\/revisions\/1550"}],"wp:attachment":[{"href":"https:\/\/asemcoperchelmalaga.com\/index.php\/wp-json\/wp\/v2\/media?parent=1233"}],"curies":[{"name":"wp","href":"https:\/\/api.w.org\/{rel}","templated":true}]}}