{"id":1160,"date":"2020-07-09T23:39:29","date_gmt":"2020-07-09T21:39:29","guid":{"rendered":"https:\/\/asemcoperchelmalaga.com\/?page_id=1160"},"modified":"2020-07-10T00:22:46","modified_gmt":"2020-07-09T22:22:46","slug":"cookies","status":"publish","type":"page","link":"https:\/\/asemcoperchelmalaga.com\/index.php\/cookies\/","title":{"rendered":"Cookies"},"content":{"rendered":"<p>[et_pb_section fb_built=\u00bb1&#8243; _builder_version=\u00bb4.4.9&#8243; background_image=\u00bbhttps:\/\/asemcoperchelmalaga.com\/wp-content\/uploads\/2018\/11\/patron_cuadrados_desintegrandose.jpg\u00bb parallax=\u00bbon\u00bb custom_margin=\u00bb||||false|false\u00bb custom_padding=\u00bb6em||6em||false|false\u00bb hover_enabled=\u00bb0&#8243; title_text=\u00bbpatron_cuadrados_desintegrandose\u00bb][et_pb_row _builder_version=\u00bb4.4.9&#8243; hover_enabled=\u00bb0&#8243; background_color=\u00bbrgba(0,0,0,0.4)\u00bb max_width=\u00bb40em\u00bb max_width_last_edited=\u00bbon|phone\u00bb max_width_phone=\u00bb100%\u00bb][et_pb_column type=\u00bb4_4&#8243; _builder_version=\u00bb4.4.9&#8243;][et_pb_text _builder_version=\u00bb4.4.9&#8243; text_font=\u00bbMontserrat|700||on|||||\u00bb text_text_color=\u00bb#ffffff\u00bb text_font_size=\u00bb3em\u00bb header_text_color=\u00bb#ffffff\u00bb text_orientation=\u00bbcenter\u00bb hover_enabled=\u00bb0&#8243; text_font_size_last_edited=\u00bbon|phone\u00bb text_font_size_phone=\u00bb1.8em\u00bb]<\/p>\n<p>Pol\u00edtica de cookies<\/p>\n<p>[\/et_pb_text][\/et_pb_column][\/et_pb_row][\/et_pb_section][et_pb_section fb_built=\u00bb1&#8243; _builder_version=\u00bb4.4.9&#8243;][et_pb_row _builder_version=\u00bb4.4.9&#8243;][et_pb_column type=\u00bb4_4&#8243; _builder_version=\u00bb4.4.9&#8243;][et_pb_text _builder_version=\u00bb4.4.9&#8243; text_text_color=\u00bb#000000&#8243;]<\/p>\n<p><strong>Cookies Funcionales:<\/strong><\/p>\n<p>Estas cookies permiten recordar informaci\u00f3n (como su nombre de usuario, idioma o la regi\u00f3n en la que se encuentra) y caracter\u00edsticas m\u00e1s personales. Por ejemplo, la posibilidad de ofrecer contenido personalizado basado en la informaci\u00f3n y criterios que hayas proporcionado voluntariamente. Estas cookies tambi\u00e9n pueden utilizarse para recordar los cambios realizados en el tama\u00f1o del texto, fuentes y otras partes personalizables de la p\u00e1gina web. Tambi\u00e9n se utilizan para ofrecer algunos servicios solicitados, como ver un v\u00eddeo\u00a0o comentar en un blog. La informaci\u00f3n que recopilan estas cookies puede ser an\u00f3nima y no podr\u00e1 ser seguida su actividad en otras p\u00e1ginas web.<\/p>\n<p><span style=\"font-weight: 400;\"><\/span><\/p>\n<p><span style=\"font-weight: 400;\">Al visitar nuestra p\u00e1gina web, aceptas la instalaci\u00f3n de estas cookies en tu dispositivo.\u00a0<\/span><span style=\"font-size: 14px;\">C\u00f3mo administrar las cookies en los ordenadores.\u00a0<\/span><span style=\"font-size: 14px;\">Si quieres permitir el uso de cookies de nuestro sitio web, por favor sigue las siguientes instrucciones.<\/span><\/p>\n<p>&nbsp;<\/p>\n<p><strong>Google Chrome<\/strong><\/p>\n<ol>\n<li><span style=\"font-weight: 400;\"> Al abrir el navegador, pincha \u201cherramientas\u201d en la parte superior y selecciona la pesta\u00f1a de\u00a0<\/span>\u201copciones\u201d.<\/li>\n<li><span style=\"font-weight: 400;\"> Dentro de opciones, pincha \u201cprivacidad\u201d.<\/span><\/li>\n<li><span style=\"font-weight: 400;\"><span style=\"font-weight: 400;\"><span style=\"font-weight: 400;\"> Marca \u201cpermitir la administraci\u00f3n de cookies\u201d.Microsoft Internet Explorer 6.0, 7.0, 8.0, 9.0\n<p><\/span><\/span><\/span><strong style=\"font-size: 14px;\"><\/strong><strong style=\"font-size: 14px;\"><br \/> Mozilla Firefox<\/strong><\/li>\n<\/ol>\n<ol>\n<li><span style=\"font-weight: 400;\"> Al abrir el navegador, pincha \u201cherramientas\u201d en la parte superior y selecciona la pesta\u00f1a de\u00a0<\/span>\u201copciones\u201d.<\/li>\n<li><span style=\"font-weight: 400;\"> Selecciona el icono de Privacidad.<\/span><\/li>\n<li><span style=\"font-weight: 400;\">Pincha en cookies, y marca: \u201cpermitir la instalaci\u00f3n de cookies\u201d.<\/span><\/li>\n<\/ol>\n<p><strong style=\"font-size: 14px;\">Safari<\/strong><\/p>\n<ol>\n<li><span style=\"font-weight: 400;\"> Al abrir el navegador, pincha \u201cherramientas\u201d en la parte superior y selecciona la pesta\u00f1a de\u00a0<\/span>\u201copciones\u201d.<\/li>\n<li><span style=\"font-weight: 400;\"> Pincha en la pesta\u00f1a de \u201cSeguridad\u201d y revisa si la opci\u00f3n \u201cBloquear el acceso de cookies de\u00a0<\/span>terceros\u201d est\u00e1 marcada o no.<\/li>\n<li><span style=\"font-weight: 400;\">Pincha en \u201cguardar\u201d.<\/span><\/li>\n<\/ol>\n<p>&nbsp;<\/p>\n<p>&nbsp;<\/p>\n<p><strong>La instalaci\u00f3n de cookies en Mac<\/strong><\/p>\n<p><span style=\"font-weight: 400;\">Si tienes un Mac y quieres permitir el acceso de nuestras cookies en tu ordenador, por favor sigue las siguientes instrucciones:<\/span><\/p>\n<p>&nbsp;<\/p>\n<p><strong>Microsoft Internet Explorer 5.0 en OSX<\/strong><\/p>\n<ol>\n<li><span style=\"font-weight: 400;\"> Entra en \u201cExplorer\u201d y selecciona \u201cPreferencias\u201d en la barra de navegaci\u00f3n.<\/span><\/li>\n<li><span style=\"font-weight: 400;\"> Haz scroll hacia abajo hasta que veas \u201cCookies\u201d justo debajo de archivos recibidos.<\/span><\/li>\n<li><span style=\"font-weight: 400;\"> Marca \u201cNo volver a preguntar\u201d.<\/span><\/li>\n<\/ol>\n<p>&nbsp;<\/p>\n<p><strong>Safari en OSX<\/strong><\/p>\n<ol>\n<li><span style=\"font-weight: 400;\"> Entra en Safari y selecciona \u201cPreferencias\u201d en la barra de navegaci\u00f3n.<\/span><\/li>\n<li><span style=\"font-weight: 400;\"> Pincha en la pesta\u00f1a de \u201cSeguridad\u201d y marcae la opci\u00f3n \u201caceptar cookies\u201d<\/span><\/li>\n<li><span style=\"font-weight: 400;\"> Selecciona la opci\u00f3n: \u201cS\u00f3lo desde el site actual en que estoy navegando\u201d<\/span><\/li>\n<\/ol>\n<p>&nbsp;<\/p>\n<p><strong>Mozilla y Netscape en OSX<\/strong><\/p>\n<ol>\n<li><span style=\"font-weight: 400;\">Entra en \u201cMozilla\u201d o \u201cNetscape\u201d y en la parte superior de tu navegador, marca la opci\u00f3n de\u00a0<\/span>\u201cPreferencias\u201d<\/li>\n<li><span style=\"font-weight: 400;\">Haz scroll hacia abajo hasta que veas \u201cCookies\u201d justo debajo de \u201cPrivacidad y Seguridad\u201d.<\/span><\/li>\n<li><span style=\"font-weight: 400;\"> Marca la opci\u00f3n \u201cPermitir el acceso de cookies s\u00f3lo desde el site actual\u201d<\/span><\/li>\n<\/ol>\n<p>&nbsp;<\/p>\n<p><strong>Opera<\/strong><\/p>\n<ol>\n<li><span style=\"font-weight: 400;\"> Entra en \u201cOpera\u201d y selecciona \u201cMenu\u201d y \u201cAjustes\u201d en la barra de navegaci\u00f3n.<\/span><\/li>\n<li><span style=\"font-weight: 400;\"> Selecciona \u201cPreferencias\u201d y pincha en la pesta\u00f1a de \u201cAvanzado\u201d.<\/span><\/li>\n<li><span style=\"font-weight: 400;\"> Marca la opci\u00f3n \u201cAceptar cookies\u201d<\/span><\/li>\n<\/ol>\n<p>[\/et_pb_text][\/et_pb_column][\/et_pb_row][\/et_pb_section][et_pb_section fb_built=\u00bb1&#8243; _builder_version=\u00bb4.4.9&#8243; background_color=\u00bbrgba(0,0,0,0.87)\u00bb background_enable_image=\u00bboff\u00bb custom_padding=\u00bb0px||0px|||\u00bb global_module=\u00bb1163&#8243; saved_tabs=\u00bball\u00bb][et_pb_row column_structure=\u00bb1_3,1_3,1_3&#8243; use_custom_gutter=\u00bbon\u00bb make_equal=\u00bbon\u00bb _builder_version=\u00bb4.4.9&#8243; width=\u00bb97%\u00bb max_width=\u00bb100%\u00bb module_alignment=\u00bbcenter\u00bb][et_pb_column type=\u00bb1_3&#8243; _builder_version=\u00bb4.4.9&#8243;][et_pb_blurb use_icon=\u00bbon\u00bb font_icon=\u00bb%%122%%\u00bb icon_color=\u00bb#5C96AA\u00bb use_icon_font_size=\u00bbon\u00bb icon_font_size=\u00bb34px\u00bb _builder_version=\u00bb4.4.9&#8243; body_font=\u00bbMontserrat||||||||\u00bb body_text_color=\u00bb#ffffff\u00bb text_orientation=\u00bbcenter\u00bb]<\/p>\n<p>Calle Malpica 9 Local 4<\/p>\n<p>29002 &#8211; M\u00e1laga<\/p>\n<p>[\/et_pb_blurb][\/et_pb_column][et_pb_column type=\u00bb1_3&#8243; _builder_version=\u00bb4.4.9&#8243;][et_pb_blurb use_icon=\u00bbon\u00bb font_icon=\u00bb%%104%%\u00bb icon_color=\u00bb#5C96AA\u00bb use_icon_font_size=\u00bbon\u00bb icon_font_size=\u00bb34px\u00bb _builder_version=\u00bb4.4.9&#8243; body_font=\u00bbMontserrat||||||||\u00bb body_text_color=\u00bb#ffffff\u00bb text_orientation=\u00bbcenter\u00bb custom_margin_last_edited=\u00bboff|desktop\u00bb custom_padding_tablet=\u00bb3em||||false|false\u00bb custom_padding_phone=\u00bb\u00bb custom_padding_last_edited=\u00bbon|tablet\u00bb]<\/p>\n<p>951 77 86 85<\/p>\n<p>info@asemcoperchelmalaga.com<\/p>\n<p>[\/et_pb_blurb][\/et_pb_column][et_pb_column type=\u00bb1_3&#8243; _builder_version=\u00bb4.4.9&#8243;][et_pb_social_media_follow _builder_version=\u00bb4.4.9&#8243; text_orientation=\u00bbcenter\u00bb custom_margin=\u00bb||||false|false\u00bb custom_margin_tablet=\u00bb0em||||false|false\u00bb custom_margin_phone=\u00bb\u00bb custom_margin_last_edited=\u00bbon|tablet\u00bb custom_padding=\u00bb3em||||false|false\u00bb][et_pb_social_media_follow_network social_network=\u00bbfacebook\u00bb url=\u00bbhttps:\/\/www.facebook.com\/asemcoperchelmalaga\u00bb icon_color=\u00bb#ffffff\u00bb use_icon_font_size=\u00bbon\u00bb _builder_version=\u00bb4.4.9&#8243; background_color=\u00bb#5C96AA\u00bb background_enable_color=\u00bbon\u00bb custom_button=\u00bbon\u00bb button_text_color=\u00bb#000000&#8243; follow_button=\u00bboff\u00bb url_new_window=\u00bbon\u00bb]facebook[\/et_pb_social_media_follow_network][et_pb_social_media_follow_network social_network=\u00bbtwitter\u00bb url=\u00bbhttps:\/\/twitter.com\/ASEMCO_Perchel\u00bb icon_color=\u00bb#5C96AA\u00bb _builder_version=\u00bb4.4.9&#8243; background_color=\u00bb#ffffff\u00bb background_enable_color=\u00bbon\u00bb follow_button=\u00bboff\u00bb url_new_window=\u00bbon\u00bb]twitter[\/et_pb_social_media_follow_network][et_pb_social_media_follow_network social_network=\u00bbinstagram\u00bb url=\u00bbhttps:\/\/www.instagram.com\/asemcoperchelmalaga\/\u00bb _builder_version=\u00bb4.4.9&#8243; background_color=\u00bb#5C96AA\u00bb background_enable_color=\u00bbon\u00bb follow_button=\u00bboff\u00bb url_new_window=\u00bbon\u00bb]instagram[\/et_pb_social_media_follow_network][\/et_pb_social_media_follow][\/et_pb_column][\/et_pb_row][\/et_pb_section][et_pb_section fb_built=\u00bb1&#8243; _builder_version=\u00bb4.4.9&#8243; background_color=\u00bb#000000&#8243; custom_padding=\u00bb0px||0px|||\u00bb global_module=\u00bb1164&#8243; saved_tabs=\u00bball\u00bb][et_pb_row column_structure=\u00bb1_2,1_2&#8243; use_custom_gutter=\u00bbon\u00bb make_equal=\u00bbon\u00bb _builder_version=\u00bb4.4.9&#8243; width=\u00bb97%\u00bb max_width=\u00bb100%\u00bb custom_padding=\u00bb0px||0px|||\u00bb][et_pb_column type=\u00bb1_2&#8243; _builder_version=\u00bb4.4.9&#8243;][et_pb_text _builder_version=\u00bb4.4.9&#8243; header_3_font=\u00bbMontserrat|600|||||||\u00bb header_3_text_color=\u00bb#ffffff\u00bb header_3_font_size=\u00bb14px\u00bb custom_padding=\u00bb3%||2%||false|false\u00bb header_3_text_align_tablet=\u00bbcenter\u00bb header_3_text_align_phone=\u00bb\u00bb header_3_text_align_last_edited=\u00bbon|tablet\u00bb]<\/p>\n<h3><span>\u00a9 2020 ASEMCO EL PERCHEL. Todos los derechos reservados.<\/span><\/h3>\n<p>[\/et_pb_text][\/et_pb_column][et_pb_column type=\u00bb1_2&#8243; _builder_version=\u00bb4.4.9&#8243;][et_pb_text _builder_version=\u00bb4.4.9&#8243; text_font=\u00bb||||||||\u00bb text_text_color=\u00bb#ffffff\u00bb text_orientation=\u00bbright\u00bb custom_margin_tablet=\u00bb||2em||false|false\u00bb custom_margin_phone=\u00bb\u00bb custom_margin_last_edited=\u00bbon|tablet\u00bb custom_padding=\u00bb2%||2%||false|false\u00bb text_orientation_tablet=\u00bbcenter\u00bb text_orientation_phone=\u00bb\u00bb text_orientation_last_edited=\u00bbon|desktop\u00bb]<\/p>\n<p><a href=\"https:\/\/asemcoperchelmalaga.com\/index.php\/aviso-legal\/\">Aviso Legal<\/a> | <a href=\"https:\/\/asemcoperchelmalaga.com\/index.php\/politica-de-privacidad\/\">Pol\u00edtica de Privacidad<\/a> | <a href=\"https:\/\/asemcoperchelmalaga.com\/index.php\/Cookies\/\">Cookies<\/a><\/p>\n<p>[\/et_pb_text][\/et_pb_column][\/et_pb_row][\/et_pb_section]<\/p>\n","protected":false},"excerpt":{"rendered":"<p>Pol\u00edtica de cookiesCookies Funcionales: Estas cookies permiten recordar informaci\u00f3n (como su nombre de usuario, idioma o la regi\u00f3n en la que se encuentra) y caracter\u00edsticas m\u00e1s personales. Por ejemplo, la posibilidad de ofrecer contenido personalizado basado en la informaci\u00f3n y criterios que hayas proporcionado voluntariamente. Estas cookies tambi\u00e9n pueden utilizarse para recordar los cambios realizados [&hellip;]<\/p>\n","protected":false},"author":1,"featured_media":0,"parent":0,"menu_order":0,"comment_status":"closed","ping_status":"closed","template":"","meta":{"_et_pb_use_builder":"on","_et_pb_old_content":"<!-- wp:divi\/placeholder \/-->","_et_gb_content_width":"","footnotes":""},"yoast_head":"<!-- This site is optimized with the Yoast SEO plugin v23.0 - https:\/\/yoast.com\/wordpress\/plugins\/seo\/ -->\n<title>Cookies - Asemco Perchel M&aacute;laga<\/title>\n<meta name=\"robots\" content=\"index, follow, max-snippet:-1, max-image-preview:large, max-video-preview:-1\" \/>\n<link rel=\"canonical\" href=\"https:\/\/asemcoperchelmalaga.com\/index.php\/cookies\/\" \/>\n<meta property=\"og:locale\" content=\"es_ES\" \/>\n<meta property=\"og:type\" content=\"article\" \/>\n<meta property=\"og:title\" content=\"Cookies - Asemco Perchel M&aacute;laga\" \/>\n<meta property=\"og:description\" content=\"Pol\u00edtica de cookiesCookies Funcionales: Estas cookies permiten recordar informaci\u00f3n (como su nombre de usuario, idioma o la regi\u00f3n en la que se encuentra) y caracter\u00edsticas m\u00e1s personales. Por ejemplo, la posibilidad de ofrecer contenido personalizado basado en la informaci\u00f3n y criterios que hayas proporcionado voluntariamente. Estas cookies tambi\u00e9n pueden utilizarse para recordar los cambios realizados [&hellip;]\" \/>\n<meta property=\"og:url\" content=\"https:\/\/asemcoperchelmalaga.com\/index.php\/cookies\/\" \/>\n<meta property=\"og:site_name\" content=\"Asemco Perchel M&aacute;laga\" \/>\n<meta property=\"article:modified_time\" content=\"2020-07-09T22:22:46+00:00\" \/>\n<meta name=\"twitter:card\" content=\"summary_large_image\" \/>\n<meta name=\"twitter:label1\" content=\"Tiempo de lectura\" \/>\n\t<meta name=\"twitter:data1\" content=\"6 minutos\" \/>\n<script type=\"application\/ld+json\" class=\"yoast-schema-graph\">{\"@context\":\"https:\/\/schema.org\",\"@graph\":[{\"@type\":\"WebPage\",\"@id\":\"https:\/\/asemcoperchelmalaga.com\/index.php\/cookies\/\",\"url\":\"https:\/\/asemcoperchelmalaga.com\/index.php\/cookies\/\",\"name\":\"Cookies - Asemco Perchel M&aacute;laga\",\"isPartOf\":{\"@id\":\"https:\/\/asemcoperchelmalaga.com\/#website\"},\"datePublished\":\"2020-07-09T21:39:29+00:00\",\"dateModified\":\"2020-07-09T22:22:46+00:00\",\"breadcrumb\":{\"@id\":\"https:\/\/asemcoperchelmalaga.com\/index.php\/cookies\/#breadcrumb\"},\"inLanguage\":\"es\",\"potentialAction\":[{\"@type\":\"ReadAction\",\"target\":[\"https:\/\/asemcoperchelmalaga.com\/index.php\/cookies\/\"]}]},{\"@type\":\"BreadcrumbList\",\"@id\":\"https:\/\/asemcoperchelmalaga.com\/index.php\/cookies\/#breadcrumb\",\"itemListElement\":[{\"@type\":\"ListItem\",\"position\":1,\"name\":\"Portada\",\"item\":\"https:\/\/asemcoperchelmalaga.com\/\"},{\"@type\":\"ListItem\",\"position\":2,\"name\":\"Cookies\"}]},{\"@type\":\"WebSite\",\"@id\":\"https:\/\/asemcoperchelmalaga.com\/#website\",\"url\":\"https:\/\/asemcoperchelmalaga.com\/\",\"name\":\"Asemco Perchel M&aacute;laga\",\"description\":\"\",\"potentialAction\":[{\"@type\":\"SearchAction\",\"target\":{\"@type\":\"EntryPoint\",\"urlTemplate\":\"https:\/\/asemcoperchelmalaga.com\/?s={search_term_string}\"},\"query-input\":\"required name=search_term_string\"}],\"inLanguage\":\"es\"}]}<\/script>\n<!-- \/ Yoast SEO plugin. -->","yoast_head_json":{"title":"Cookies - Asemco Perchel M&aacute;laga","robots":{"index":"index","follow":"follow","max-snippet":"max-snippet:-1","max-image-preview":"max-image-preview:large","max-video-preview":"max-video-preview:-1"},"canonical":"https:\/\/asemcoperchelmalaga.com\/index.php\/cookies\/","og_locale":"es_ES","og_type":"article","og_title":"Cookies - Asemco Perchel M&aacute;laga","og_description":"Pol\u00edtica de cookiesCookies Funcionales: Estas cookies permiten recordar informaci\u00f3n (como su nombre de usuario, idioma o la regi\u00f3n en la que se encuentra) y caracter\u00edsticas m\u00e1s personales. Por ejemplo, la posibilidad de ofrecer contenido personalizado basado en la informaci\u00f3n y criterios que hayas proporcionado voluntariamente. Estas cookies tambi\u00e9n pueden utilizarse para recordar los cambios realizados [&hellip;]","og_url":"https:\/\/asemcoperchelmalaga.com\/index.php\/cookies\/","og_site_name":"Asemco Perchel M&aacute;laga","article_modified_time":"2020-07-09T22:22:46+00:00","twitter_card":"summary_large_image","twitter_misc":{"Tiempo de lectura":"6 minutos"},"schema":{"@context":"https:\/\/schema.org","@graph":[{"@type":"WebPage","@id":"https:\/\/asemcoperchelmalaga.com\/index.php\/cookies\/","url":"https:\/\/asemcoperchelmalaga.com\/index.php\/cookies\/","name":"Cookies - Asemco Perchel M&aacute;laga","isPartOf":{"@id":"https:\/\/asemcoperchelmalaga.com\/#website"},"datePublished":"2020-07-09T21:39:29+00:00","dateModified":"2020-07-09T22:22:46+00:00","breadcrumb":{"@id":"https:\/\/asemcoperchelmalaga.com\/index.php\/cookies\/#breadcrumb"},"inLanguage":"es","potentialAction":[{"@type":"ReadAction","target":["https:\/\/asemcoperchelmalaga.com\/index.php\/cookies\/"]}]},{"@type":"BreadcrumbList","@id":"https:\/\/asemcoperchelmalaga.com\/index.php\/cookies\/#breadcrumb","itemListElement":[{"@type":"ListItem","position":1,"name":"Portada","item":"https:\/\/asemcoperchelmalaga.com\/"},{"@type":"ListItem","position":2,"name":"Cookies"}]},{"@type":"WebSite","@id":"https:\/\/asemcoperchelmalaga.com\/#website","url":"https:\/\/asemcoperchelmalaga.com\/","name":"Asemco Perchel M&aacute;laga","description":"","potentialAction":[{"@type":"SearchAction","target":{"@type":"EntryPoint","urlTemplate":"https:\/\/asemcoperchelmalaga.com\/?s={search_term_string}"},"query-input":"required name=search_term_string"}],"inLanguage":"es"}]}},"_links":{"self":[{"href":"https:\/\/asemcoperchelmalaga.com\/index.php\/wp-json\/wp\/v2\/pages\/1160"}],"collection":[{"href":"https:\/\/asemcoperchelmalaga.com\/index.php\/wp-json\/wp\/v2\/pages"}],"about":[{"href":"https:\/\/asemcoperchelmalaga.com\/index.php\/wp-json\/wp\/v2\/types\/page"}],"author":[{"embeddable":true,"href":"https:\/\/asemcoperchelmalaga.com\/index.php\/wp-json\/wp\/v2\/users\/1"}],"replies":[{"embeddable":true,"href":"https:\/\/asemcoperchelmalaga.com\/index.php\/wp-json\/wp\/v2\/comments?post=1160"}],"version-history":[{"count":6,"href":"https:\/\/asemcoperchelmalaga.com\/index.php\/wp-json\/wp\/v2\/pages\/1160\/revisions"}],"predecessor-version":[{"id":1179,"href":"https:\/\/asemcoperchelmalaga.com\/index.php\/wp-json\/wp\/v2\/pages\/1160\/revisions\/1179"}],"wp:attachment":[{"href":"https:\/\/asemcoperchelmalaga.com\/index.php\/wp-json\/wp\/v2\/media?parent=1160"}],"curies":[{"name":"wp","href":"https:\/\/api.w.org\/{rel}","templated":true}]}}